{"id":1411,"date":"2024-10-16T12:04:56","date_gmt":"2024-10-16T10:04:56","guid":{"rendered":"http:\/\/www.strojansek.com\/?page_id=1411"},"modified":"2025-06-23T13:14:24","modified_gmt":"2025-06-23T11:14:24","slug":"sistemi-skladiscenja-in-ogrevanja-bitumna","status":"publish","type":"page","link":"https:\/\/www.strojansek.com\/index.php\/sistemi-skladiscenja-in-ogrevanja-bitumna\/","title":{"rendered":"Sistemi skladi\u0161\u010denja in ogrevanja bitumna"},"content":{"rendered":"\t\t<div data-elementor-type=\"wp-page\" data-elementor-id=\"1411\" class=\"elementor elementor-1411\">\n\t\t\t\t<div class=\"elementor-element elementor-element-6e911b6d e-flex e-con-boxed e-con e-parent\" data-id=\"6e911b6d\" data-element_type=\"container\" data-e-type=\"container\">\n\t\t\t\t\t<div class=\"e-con-inner\">\n\t\t\t\t<div class=\"elementor-element elementor-element-42b8d93e elementor-widget elementor-widget-text-editor\" data-id=\"42b8d93e\" data-element_type=\"widget\" data-e-type=\"widget\" data-widget_type=\"text-editor.default\">\n\t\t\t\t<div class=\"elementor-widget-container\">\n\t\t\t\t\t\t\t\t\t\n<p data-start=\"255\" data-end=\"549\">V podjetju <strong data-start=\"266\" data-end=\"297\">Asfaltna tehnika Strojan\u0161ek<\/strong> razvijamo in izdelujemo zanesljive, energetsko u\u010dinkovite in varnostno preizku\u0161ene sisteme za skladi\u0161\u010denje in ogrevanje bitumna. Na\u0161a re\u0161itev temelji na dolgoletnih izku\u0161njah s podro\u010dja asfaltne tehnologije in industrijskih sistemov za prenos toplote.<\/p>\n<h4 data-start=\"551\" data-end=\"565\">Ponujamo:<\/h4>\n<ul data-start=\"566\" data-end=\"965\">\n<li data-start=\"566\" data-end=\"640\">\n<p data-start=\"568\" data-end=\"640\"><strong data-start=\"568\" data-end=\"621\">Horizontalne in vertikalne bitumenske rezervoarje<\/strong> razli\u010dnih volumnov<\/p>\n<\/li>\n<li data-start=\"566\" data-end=\"640\">\n<p data-start=\"568\" data-end=\"640\"><strong data-start=\"643\" data-end=\"677\">Cevovodne sisteme z ogrevanjem<\/strong> (termalno olje ali elektrika)<\/p>\n<\/li>\n<li data-start=\"766\" data-end=\"847\">\n<p data-start=\"768\" data-end=\"847\"><strong data-start=\"768\" data-end=\"802\">Nadzorne in regulacijske enote<\/strong> z avtomatizacijo procesa ogrevanja<\/p>\n<\/li>\n<li data-start=\"848\" data-end=\"905\">\n<p data-start=\"850\" data-end=\"905\"><strong data-start=\"850\" data-end=\"872\">Toplotno izolacijo<\/strong> z visoko toplotno u\u010dinkovitostjo<\/p>\n<\/li>\n<li data-start=\"906\" data-end=\"965\">\n<p data-start=\"908\" data-end=\"965\"><strong data-start=\"908\" data-end=\"965\">Mo\u017enost dobave vklju\u010dno z monta\u017eo in zagonom na klju\u010d<\/strong><\/p>\n<\/li>\n<\/ul>\n<p data-start=\"967\" data-end=\"990\">Na\u0161i sistemi omogo\u010dajo:<\/p>\n<ul data-start=\"991\" data-end=\"1140\">\n<li data-start=\"991\" data-end=\"1037\">\n<p data-start=\"993\" data-end=\"1037\"><strong data-start=\"993\" data-end=\"1037\">Stabilno vzdr\u017eevanje temperature bitumna<\/strong><\/p>\n<\/li>\n<li data-start=\"1038\" data-end=\"1069\">\n<p data-start=\"1040\" data-end=\"1069\"><strong data-start=\"1040\" data-end=\"1069\">Optimalno porabo energije<\/strong><\/p>\n<\/li>\n<li data-start=\"1070\" data-end=\"1140\">\n<p data-start=\"1072\" data-end=\"1140\"><strong data-start=\"1072\" data-end=\"1106\">Varnostno ustrezno obratovanje<\/strong> skladno z industrijskimi predpisi<\/p>\n<\/li>\n<\/ul>\n<p data-start=\"1142\" data-end=\"1336\">Re\u0161itve so prilagodljive glede na prostorske, kapacitativne in tehnolo\u0161ke zahteve naro\u010dnika. Zagotavljamo tehni\u010dno podporo skozi celoten \u017eivljenjski cikel sistema \u2013 od idejne zasnove do servisa.<\/p>\n\t\t\t\t\t\t\t\t<\/div>\n\t\t\t\t<\/div>\n\t\t\t\t\t<\/div>\n\t\t\t\t<\/div>\n\t\t<div class=\"elementor-element elementor-element-ad35b2f e-grid e-con-boxed e-con e-parent\" data-id=\"ad35b2f\" data-element_type=\"container\" data-e-type=\"container\">\n\t\t\t\t\t<div class=\"e-con-inner\">\n\t\t\t\t<div class=\"elementor-element elementor-element-792a058 elementor-widget elementor-widget-image\" data-id=\"792a058\" data-element_type=\"widget\" data-e-type=\"widget\" data-widget_type=\"image.default\">\n\t\t\t\t<div class=\"elementor-widget-container\">\n\t\t\t\t\t\t\t\t\t\t\t\t\t\t\t<img fetchpriority=\"high\" decoding=\"async\" width=\"819\" height=\"1024\" src=\"https:\/\/www.strojansek.com\/wp-content\/uploads\/2025\/06\/026-SLIKE-CISTERN-10-2019-819x1024.jpg\" class=\"attachment-large size-large wp-image-1527\" alt=\"BITUMEN CISTERNA | VERTIKALNA CISTERNA | SKLADI\u0160\u010cE BITUMNA\" srcset=\"https:\/\/www.strojansek.com\/wp-content\/uploads\/2025\/06\/026-SLIKE-CISTERN-10-2019-819x1024.jpg 819w, https:\/\/www.strojansek.com\/wp-content\/uploads\/2025\/06\/026-SLIKE-CISTERN-10-2019-240x300.jpg 240w, https:\/\/www.strojansek.com\/wp-content\/uploads\/2025\/06\/026-SLIKE-CISTERN-10-2019-768x960.jpg 768w, https:\/\/www.strojansek.com\/wp-content\/uploads\/2025\/06\/026-SLIKE-CISTERN-10-2019.jpg 900w\" sizes=\"(max-width: 819px) 100vw, 819px\" \/>\t\t\t\t\t\t\t\t\t\t\t\t\t\t\t<\/div>\n\t\t\t\t<\/div>\n\t\t\t\t<div class=\"elementor-element elementor-element-17bb03d elementor-widget elementor-widget-image\" data-id=\"17bb03d\" data-element_type=\"widget\" data-e-type=\"widget\" data-widget_type=\"image.default\">\n\t\t\t\t<div class=\"elementor-widget-container\">\n\t\t\t\t\t\t\t\t\t\t\t\t\t\t\t<img decoding=\"async\" width=\"819\" height=\"1024\" src=\"https:\/\/www.strojansek.com\/wp-content\/uploads\/2025\/06\/20240524_154010-819x1024.jpg\" class=\"attachment-large size-large wp-image-1530\" alt=\"BITUMEN CISTERNA | VERTIKALNA CISTERNA | SKLADI\u0160\u010cE BITUMNA\" srcset=\"https:\/\/www.strojansek.com\/wp-content\/uploads\/2025\/06\/20240524_154010-819x1024.jpg 819w, https:\/\/www.strojansek.com\/wp-content\/uploads\/2025\/06\/20240524_154010-240x300.jpg 240w, https:\/\/www.strojansek.com\/wp-content\/uploads\/2025\/06\/20240524_154010-768x960.jpg 768w, https:\/\/www.strojansek.com\/wp-content\/uploads\/2025\/06\/20240524_154010-1229x1536.jpg 1229w, https:\/\/www.strojansek.com\/wp-content\/uploads\/2025\/06\/20240524_154010-1638x2048.jpg 1638w, https:\/\/www.strojansek.com\/wp-content\/uploads\/2025\/06\/20240524_154010-scaled.jpg 2048w\" sizes=\"(max-width: 819px) 100vw, 819px\" \/>\t\t\t\t\t\t\t\t\t\t\t\t\t\t\t<\/div>\n\t\t\t\t<\/div>\n\t\t\t\t<div class=\"elementor-element elementor-element-8d31820 elementor-widget elementor-widget-image\" data-id=\"8d31820\" data-element_type=\"widget\" data-e-type=\"widget\" data-widget_type=\"image.default\">\n\t\t\t\t<div class=\"elementor-widget-container\">\n\t\t\t\t\t\t\t\t\t\t\t\t\t\t\t<img decoding=\"async\" width=\"819\" height=\"1024\" src=\"https:\/\/www.strojansek.com\/wp-content\/uploads\/2025\/06\/023-TRSTENIK-APS-CISTERNE-05-2008-819x1024.jpg\" class=\"attachment-large size-large wp-image-1526\" alt=\"BITUMEN CISTERNA | VERTIKALNA CISTERNA | SKLADI\u0160\u010cE BITUMNA\" srcset=\"https:\/\/www.strojansek.com\/wp-content\/uploads\/2025\/06\/023-TRSTENIK-APS-CISTERNE-05-2008-819x1024.jpg 819w, https:\/\/www.strojansek.com\/wp-content\/uploads\/2025\/06\/023-TRSTENIK-APS-CISTERNE-05-2008-240x300.jpg 240w, https:\/\/www.strojansek.com\/wp-content\/uploads\/2025\/06\/023-TRSTENIK-APS-CISTERNE-05-2008-768x960.jpg 768w, https:\/\/www.strojansek.com\/wp-content\/uploads\/2025\/06\/023-TRSTENIK-APS-CISTERNE-05-2008-1229x1536.jpg 1229w, https:\/\/www.strojansek.com\/wp-content\/uploads\/2025\/06\/023-TRSTENIK-APS-CISTERNE-05-2008-1638x2048.jpg 1638w, https:\/\/www.strojansek.com\/wp-content\/uploads\/2025\/06\/023-TRSTENIK-APS-CISTERNE-05-2008.jpg 1958w\" sizes=\"(max-width: 819px) 100vw, 819px\" \/>\t\t\t\t\t\t\t\t\t\t\t\t\t\t\t<\/div>\n\t\t\t\t<\/div>\n\t\t\t\t<div class=\"elementor-element elementor-element-d664489 elementor-widget elementor-widget-image\" data-id=\"d664489\" data-element_type=\"widget\" data-e-type=\"widget\" data-widget_type=\"image.default\">\n\t\t\t\t<div class=\"elementor-widget-container\">\n\t\t\t\t\t\t\t\t\t\t\t\t\t\t\t<img loading=\"lazy\" decoding=\"async\" width=\"819\" height=\"1024\" src=\"https:\/\/www.strojansek.com\/wp-content\/uploads\/2025\/06\/053-CISTERNE-03-2011-819x1024.jpg\" class=\"attachment-large size-large wp-image-1528\" alt=\"ELEKTRO GRELEC BITUMNA | OLJNI GRELEC BITUMNA\" srcset=\"https:\/\/www.strojansek.com\/wp-content\/uploads\/2025\/06\/053-CISTERNE-03-2011-819x1024.jpg 819w, https:\/\/www.strojansek.com\/wp-content\/uploads\/2025\/06\/053-CISTERNE-03-2011-240x300.jpg 240w, https:\/\/www.strojansek.com\/wp-content\/uploads\/2025\/06\/053-CISTERNE-03-2011-768x960.jpg 768w, https:\/\/www.strojansek.com\/wp-content\/uploads\/2025\/06\/053-CISTERNE-03-2011.jpg 1229w\" sizes=\"(max-width: 819px) 100vw, 819px\" \/>\t\t\t\t\t\t\t\t\t\t\t\t\t\t\t<\/div>\n\t\t\t\t<\/div>\n\t\t\t\t<div class=\"elementor-element elementor-element-38a7ae2 elementor-widget elementor-widget-image\" data-id=\"38a7ae2\" data-element_type=\"widget\" data-e-type=\"widget\" data-widget_type=\"image.default\">\n\t\t\t\t<div class=\"elementor-widget-container\">\n\t\t\t\t\t\t\t\t\t\t\t\t\t\t\t<img loading=\"lazy\" decoding=\"async\" width=\"819\" height=\"1024\" src=\"https:\/\/www.strojansek.com\/wp-content\/uploads\/2025\/06\/20230303_133916-819x1024.jpg\" class=\"attachment-large size-large wp-image-1529\" alt=\"ELEKTRO GRELEC BITUMNA\" srcset=\"https:\/\/www.strojansek.com\/wp-content\/uploads\/2025\/06\/20230303_133916-819x1024.jpg 819w, https:\/\/www.strojansek.com\/wp-content\/uploads\/2025\/06\/20230303_133916-240x300.jpg 240w, https:\/\/www.strojansek.com\/wp-content\/uploads\/2025\/06\/20230303_133916-768x960.jpg 768w, https:\/\/www.strojansek.com\/wp-content\/uploads\/2025\/06\/20230303_133916-1229x1536.jpg 1229w, https:\/\/www.strojansek.com\/wp-content\/uploads\/2025\/06\/20230303_133916-1638x2048.jpg 1638w, https:\/\/www.strojansek.com\/wp-content\/uploads\/2025\/06\/20230303_133916-scaled.jpg 2048w\" sizes=\"(max-width: 819px) 100vw, 819px\" \/>\t\t\t\t\t\t\t\t\t\t\t\t\t\t\t<\/div>\n\t\t\t\t<\/div>\n\t\t\t\t<div class=\"elementor-element elementor-element-7eaf621 elementor-widget elementor-widget-image\" data-id=\"7eaf621\" data-element_type=\"widget\" data-e-type=\"widget\" data-widget_type=\"image.default\">\n\t\t\t\t<div class=\"elementor-widget-container\">\n\t\t\t\t\t\t\t\t\t\t\t\t\t\t\t<img loading=\"lazy\" decoding=\"async\" width=\"819\" height=\"1024\" src=\"https:\/\/www.strojansek.com\/wp-content\/uploads\/2025\/06\/IMG-20230302-WA0010-819x1024.jpg\" class=\"attachment-large size-large wp-image-1531\" alt=\"ELEKTRO GRELEC BITUMNA\" srcset=\"https:\/\/www.strojansek.com\/wp-content\/uploads\/2025\/06\/IMG-20230302-WA0010-819x1024.jpg 819w, https:\/\/www.strojansek.com\/wp-content\/uploads\/2025\/06\/IMG-20230302-WA0010-240x300.jpg 240w, https:\/\/www.strojansek.com\/wp-content\/uploads\/2025\/06\/IMG-20230302-WA0010-768x960.jpg 768w, https:\/\/www.strojansek.com\/wp-content\/uploads\/2025\/06\/IMG-20230302-WA0010.jpg 1080w\" sizes=\"(max-width: 819px) 100vw, 819px\" \/>\t\t\t\t\t\t\t\t\t\t\t\t\t\t\t<\/div>\n\t\t\t\t<\/div>\n\t\t\t\t\t<\/div>\n\t\t\t\t<\/div>\n\t\t\t\t<\/div>\n\t\t","protected":false},"excerpt":{"rendered":"<p>V podjetju Asfaltna tehnika Strojan\u0161ek razvijamo in izdelujemo zanesljive, energetsko u\u010dinkovite in varnostno preizku\u0161ene sisteme za skladi\u0161\u010denje in ogrevanje bitumna. Na\u0161a re\u0161itev temelji na dolgoletnih izku\u0161njah s podro\u010dja asfaltne tehnologije in industrijskih sistemov za prenos toplote. Ponujamo: Horizontalne in vertikalne bitumenske rezervoarje razli\u010dnih volumnov Cevovodne sisteme z ogrevanjem (termalno olje ali elektrika) Nadzorne in regulacijske [&hellip;]<\/p>\n","protected":false},"author":2,"featured_media":0,"parent":0,"menu_order":1,"comment_status":"closed","ping_status":"closed","template":"","meta":{"om_disable_all_campaigns":false,"_monsterinsights_skip_tracking":false,"_monsterinsights_sitenote_active":false,"_monsterinsights_sitenote_note":"","_monsterinsights_sitenote_category":0,"site-sidebar-layout":"default","site-content-layout":"","ast-site-content-layout":"default","site-content-style":"default","site-sidebar-style":"default","ast-global-header-display":"","ast-banner-title-visibility":"","ast-main-header-display":"","ast-hfb-above-header-display":"","ast-hfb-below-header-display":"","ast-hfb-mobile-header-display":"","site-post-title":"","ast-breadcrumbs-content":"","ast-featured-img":"","footer-sml-layout":"","ast-disable-related-posts":"","theme-transparent-header-meta":"","adv-header-id-meta":"","stick-header-meta":"","header-above-stick-meta":"","header-main-stick-meta":"","header-below-stick-meta":"","astra-migrate-meta-layouts":"set","ast-page-background-enabled":"default","ast-page-background-meta":{"desktop":{"background-color":"","background-image":"","background-repeat":"repeat","background-position":"center center","background-size":"auto","background-attachment":"scroll","background-type":"","background-media":"","overlay-type":"","overlay-color":"","overlay-opacity":"","overlay-gradient":""},"tablet":{"background-color":"","background-image":"","background-repeat":"repeat","background-position":"center center","background-size":"auto","background-attachment":"scroll","background-type":"","background-media":"","overlay-type":"","overlay-color":"","overlay-opacity":"","overlay-gradient":""},"mobile":{"background-color":"","background-image":"","background-repeat":"repeat","background-position":"center center","background-size":"auto","background-attachment":"scroll","background-type":"","background-media":"","overlay-type":"","overlay-color":"","overlay-opacity":"","overlay-gradient":""}},"ast-content-background-meta":{"desktop":{"background-color":"var(--ast-global-color-5)","background-image":"","background-repeat":"repeat","background-position":"center center","background-size":"auto","background-attachment":"scroll","background-type":"","background-media":"","overlay-type":"","overlay-color":"","overlay-opacity":"","overlay-gradient":""},"tablet":{"background-color":"var(--ast-global-color-5)","background-image":"","background-repeat":"repeat","background-position":"center center","background-size":"auto","background-attachment":"scroll","background-type":"","background-media":"","overlay-type":"","overlay-color":"","overlay-opacity":"","overlay-gradient":""},"mobile":{"background-color":"var(--ast-global-color-5)","background-image":"","background-repeat":"repeat","background-position":"center center","background-size":"auto","background-attachment":"scroll","background-type":"","background-media":"","overlay-type":"","overlay-color":"","overlay-opacity":"","overlay-gradient":""}},"footnotes":""},"class_list":["post-1411","page","type-page","status-publish","hentry"],"aioseo_notices":[],"_links":{"self":[{"href":"https:\/\/www.strojansek.com\/index.php\/wp-json\/wp\/v2\/pages\/1411","targetHints":{"allow":["GET"]}}],"collection":[{"href":"https:\/\/www.strojansek.com\/index.php\/wp-json\/wp\/v2\/pages"}],"about":[{"href":"https:\/\/www.strojansek.com\/index.php\/wp-json\/wp\/v2\/types\/page"}],"author":[{"embeddable":true,"href":"https:\/\/www.strojansek.com\/index.php\/wp-json\/wp\/v2\/users\/2"}],"replies":[{"embeddable":true,"href":"https:\/\/www.strojansek.com\/index.php\/wp-json\/wp\/v2\/comments?post=1411"}],"version-history":[{"count":11,"href":"https:\/\/www.strojansek.com\/index.php\/wp-json\/wp\/v2\/pages\/1411\/revisions"}],"predecessor-version":[{"id":1565,"href":"https:\/\/www.strojansek.com\/index.php\/wp-json\/wp\/v2\/pages\/1411\/revisions\/1565"}],"wp:attachment":[{"href":"https:\/\/www.strojansek.com\/index.php\/wp-json\/wp\/v2\/media?parent=1411"}],"curies":[{"name":"wp","href":"https:\/\/api.w.org\/{rel}","templated":true}]}}