{"id":1388,"date":"2024-10-22T12:52:58","date_gmt":"2024-10-22T10:52:58","guid":{"rendered":"http:\/\/www.strojansek.com\/?page_id=1388"},"modified":"2025-06-23T14:03:40","modified_gmt":"2025-06-23T12:03:40","slug":"rezervni-deli","status":"publish","type":"page","link":"https:\/\/www.strojansek.com\/index.php\/rezervni-deli\/","title":{"rendered":"REZERVNI DELI"},"content":{"rendered":"\t\t<div data-elementor-type=\"wp-page\" data-elementor-id=\"1388\" class=\"elementor elementor-1388\">\n\t\t\t\t<div class=\"elementor-element elementor-element-27468db8 e-flex e-con-boxed e-con e-parent\" data-id=\"27468db8\" data-element_type=\"container\" data-e-type=\"container\">\n\t\t\t\t\t<div class=\"e-con-inner\">\n\t\t\t\t<div class=\"elementor-element elementor-element-65caf2f1 elementor-widget elementor-widget-text-editor\" data-id=\"65caf2f1\" data-element_type=\"widget\" data-e-type=\"widget\" data-widget_type=\"text-editor.default\">\n\t\t\t\t<div class=\"elementor-widget-container\">\n\t\t\t\t\t\t\t\t\t<h3 data-start=\"189\" data-end=\"206\"><span style=\"font-size: 17px; font-style: inherit; font-weight: inherit; color: rgb(77, 83, 84); font-family: Karla, sans-serif;\">Zagotavljamo <\/span><strong data-start=\"221\" data-end=\"274\" style=\"font-size: 17px; font-style: inherit; color: rgb(77, 83, 84); font-family: Karla, sans-serif;\">rezervne dele za asfaltne baze vseh proizvajalcev<\/strong><span style=\"font-size: 17px; font-style: inherit; font-weight: inherit; color: rgb(77, 83, 84); font-family: Karla, sans-serif;\">, ne glede na znamko ali tip naprave. Na voljo so tako <\/span><strong data-start=\"329\" data-end=\"337\" style=\"font-size: 17px; font-style: inherit; color: rgb(77, 83, 84); font-family: Karla, sans-serif;\">novi<\/strong><span style=\"font-size: 17px; font-style: inherit; font-weight: inherit; color: rgb(77, 83, 84); font-family: Karla, sans-serif;\"> kot tudi <\/span><strong data-start=\"347\" data-end=\"387\" style=\"font-size: 17px; font-style: inherit; color: rgb(77, 83, 84); font-family: Karla, sans-serif;\">strokovno obnovljeni nadomestni deli<\/strong><span style=\"font-size: 17px; font-style: inherit; font-weight: inherit; color: rgb(77, 83, 84); font-family: Karla, sans-serif;\">, skrbno pregledani in pripravljeni za takoj\u0161njo uporabo.<\/span><\/h3>\n<h4 data-start=\"446\" data-end=\"474\">V na\u0161i ponudbi najdete:<\/h4>\n<ul data-start=\"475\" data-end=\"790\">\n<li data-start=\"475\" data-end=\"517\">\n<p data-start=\"477\" data-end=\"517\"><strong>Obrabne plo\u010devine in zapirala me\u0161alcev<\/strong><\/p>\n<\/li>\n<li data-start=\"518\" data-end=\"580\">\n<p data-start=\"520\" data-end=\"580\"><strong>Elevatorske verige in ko\u0161arice za vro\u010di ter filer elevator<\/strong><\/p>\n<\/li>\n<li data-start=\"581\" data-end=\"613\">\n<p data-start=\"583\" data-end=\"613\"><strong>Valje za transportne trakove<\/strong><\/p>\n<\/li>\n<li data-start=\"614\" data-end=\"661\">\n<p data-start=\"616\" data-end=\"661\"><strong>Bitumenske ventile \u2013 ogrevane in neogrevane<\/strong><\/p>\n<\/li>\n<li data-start=\"662\" data-end=\"685\">\n<p data-start=\"664\" data-end=\"685\"><strong>Termo-oljne ventile<\/strong><\/p>\n<\/li>\n<li data-start=\"686\" data-end=\"705\">\n<p data-start=\"688\" data-end=\"705\"><strong>Filterske vre\u010de<\/strong><\/p>\n<\/li>\n<li data-start=\"706\" data-end=\"728\">\n<p data-start=\"708\" data-end=\"728\"><strong>\u010crpalke in tesnila<\/strong><\/p>\n<\/li>\n<li data-start=\"729\" data-end=\"790\">\n<p data-start=\"731\" data-end=\"790\"><strong>Motorje, reduktorje, le\u017eaje ter druge pogonske komponente<\/strong><\/p>\n<\/li>\n<\/ul>\n<p data-start=\"792\" data-end=\"983\">Na zahtevo pripravimo tudi <strong>individualne<\/strong> <strong>re\u0161itve&nbsp;<\/strong>in<strong>&nbsp;posebne mehanske nadomestne dele<\/strong>&nbsp;po meri in \u017eeljah naro\u010dnika &#8211; na osnovi obrabljenega vzorca ali tehni\u010dne risbe.<\/p>\n<h4 data-start=\"985\" data-end=\"1008\">Zakaj izbrati nas?<\/h4>\n<ul data-start=\"1009\" data-end=\"1195\">\n<li data-start=\"1009\" data-end=\"1052\">\n<p data-start=\"1011\" data-end=\"1052\"><strong>Hitra dobava najpogosteje iskanih delov<\/strong><\/p>\n<\/li>\n<li data-start=\"1053\" data-end=\"1108\">\n<p data-start=\"1055\" data-end=\"1108\"><strong>Strokovno svetovanje in tehni\u010dna podpora pri izbiri<\/strong><\/p>\n<\/li>\n<li data-start=\"1109\" data-end=\"1154\">\n<p data-start=\"1111\" data-end=\"1154\"><strong>Mo\u017enost izdelave ali prilagoditve po meri<\/strong><\/p>\n<\/li>\n<li data-start=\"1155\" data-end=\"1195\">\n<p data-start=\"1157\" data-end=\"1195\"><strong>Izvedba monta\u017ee in servisa na terenu<\/strong><\/p>\n<\/li>\n<\/ul>\n<p data-start=\"1197\" data-end=\"1360\">Za dodatne informacije ali konkretno povpra\u0161evanje nas kontaktirajte preko obrazca ali nas pokli\u010dite \u2013 z veseljem vam svetujemo in pomagamo najti ustrezno re\u0161itev.<\/p>\t\t\t\t\t\t\t\t<\/div>\n\t\t\t\t<\/div>\n\t\t\t\t\t<\/div>\n\t\t\t\t<\/div>\n\t\t<div class=\"elementor-element elementor-element-f9e3d71 e-grid e-con-boxed e-con e-parent\" data-id=\"f9e3d71\" data-element_type=\"container\" data-e-type=\"container\">\n\t\t\t\t\t<div class=\"e-con-inner\">\n\t\t\t\t<div class=\"elementor-element elementor-element-d9e72d1 elementor-widget elementor-widget-image\" data-id=\"d9e72d1\" data-element_type=\"widget\" data-e-type=\"widget\" data-widget_type=\"image.default\">\n\t\t\t\t<div class=\"elementor-widget-container\">\n\t\t\t\t\t\t\t\t\t\t\t\t\t\t\t<img fetchpriority=\"high\" decoding=\"async\" width=\"819\" height=\"1024\" src=\"https:\/\/www.strojansek.com\/wp-content\/uploads\/2025\/06\/tesnilo-mesala-819x1024.jpg\" class=\"attachment-large size-large wp-image-1553\" alt=\"ME\u0160ALEC ASFALTA | REZERVNI DELI | ASPHALT MIXER PARTS\" srcset=\"https:\/\/www.strojansek.com\/wp-content\/uploads\/2025\/06\/tesnilo-mesala-819x1024.jpg 819w, https:\/\/www.strojansek.com\/wp-content\/uploads\/2025\/06\/tesnilo-mesala-240x300.jpg 240w, https:\/\/www.strojansek.com\/wp-content\/uploads\/2025\/06\/tesnilo-mesala-768x960.jpg 768w, https:\/\/www.strojansek.com\/wp-content\/uploads\/2025\/06\/tesnilo-mesala.jpg 1229w\" sizes=\"(max-width: 819px) 100vw, 819px\" \/>\t\t\t\t\t\t\t\t\t\t\t\t\t\t\t<\/div>\n\t\t\t\t<\/div>\n\t\t\t\t<div class=\"elementor-element elementor-element-387a6d3 elementor-widget elementor-widget-image\" data-id=\"387a6d3\" data-element_type=\"widget\" data-e-type=\"widget\" data-widget_type=\"image.default\">\n\t\t\t\t<div class=\"elementor-widget-container\">\n\t\t\t\t\t\t\t\t\t\t\t\t\t\t\t<img decoding=\"async\" width=\"657\" height=\"822\" src=\"https:\/\/www.strojansek.com\/wp-content\/uploads\/2025\/06\/kofice.jpg\" class=\"attachment-large size-large wp-image-1554\" alt=\"KO\u0160ARICE ELEVATORJA | KOFICE | VRO\u010cI ELEVATOR | FILER ELEVATOR\" srcset=\"https:\/\/www.strojansek.com\/wp-content\/uploads\/2025\/06\/kofice.jpg 657w, https:\/\/www.strojansek.com\/wp-content\/uploads\/2025\/06\/kofice-240x300.jpg 240w\" sizes=\"(max-width: 657px) 100vw, 657px\" \/>\t\t\t\t\t\t\t\t\t\t\t\t\t\t\t<\/div>\n\t\t\t\t<\/div>\n\t\t\t\t<div class=\"elementor-element elementor-element-678dbe8 elementor-widget elementor-widget-image\" data-id=\"678dbe8\" data-element_type=\"widget\" data-e-type=\"widget\" data-widget_type=\"image.default\">\n\t\t\t\t<div class=\"elementor-widget-container\">\n\t\t\t\t\t\t\t\t\t\t\t\t\t\t\t<img decoding=\"async\" width=\"819\" height=\"1024\" src=\"https:\/\/www.strojansek.com\/wp-content\/uploads\/2025\/06\/051-ELEVATORJI-01-2008-819x1024.jpg\" class=\"attachment-large size-large wp-image-1552\" alt=\"VRO\u010cI ELEVATOR | FILER ELEVATOR\" srcset=\"https:\/\/www.strojansek.com\/wp-content\/uploads\/2025\/06\/051-ELEVATORJI-01-2008-819x1024.jpg 819w, https:\/\/www.strojansek.com\/wp-content\/uploads\/2025\/06\/051-ELEVATORJI-01-2008-240x300.jpg 240w, https:\/\/www.strojansek.com\/wp-content\/uploads\/2025\/06\/051-ELEVATORJI-01-2008-768x960.jpg 768w, https:\/\/www.strojansek.com\/wp-content\/uploads\/2025\/06\/051-ELEVATORJI-01-2008.jpg 1229w\" sizes=\"(max-width: 819px) 100vw, 819px\" \/>\t\t\t\t\t\t\t\t\t\t\t\t\t\t\t<\/div>\n\t\t\t\t<\/div>\n\t\t\t\t<div class=\"elementor-element elementor-element-24a08e3 elementor-widget elementor-widget-image\" data-id=\"24a08e3\" data-element_type=\"widget\" data-e-type=\"widget\" data-widget_type=\"image.default\">\n\t\t\t\t<div class=\"elementor-widget-container\">\n\t\t\t\t\t\t\t\t\t\t\t\t\t\t\t<img loading=\"lazy\" decoding=\"async\" width=\"819\" height=\"1024\" src=\"https:\/\/www.strojansek.com\/wp-content\/uploads\/2025\/06\/veriga-elevatorja-819x1024.jpg\" class=\"attachment-large size-large wp-image-1551\" alt=\"KO\u0160ARICE ELEVATORJA | KOFICE | VRO\u010cI ELEVATOR | FILER ELEVATOR\" srcset=\"https:\/\/www.strojansek.com\/wp-content\/uploads\/2025\/06\/veriga-elevatorja-819x1024.jpg 819w, https:\/\/www.strojansek.com\/wp-content\/uploads\/2025\/06\/veriga-elevatorja-240x300.jpg 240w, https:\/\/www.strojansek.com\/wp-content\/uploads\/2025\/06\/veriga-elevatorja-768x960.jpg 768w, https:\/\/www.strojansek.com\/wp-content\/uploads\/2025\/06\/veriga-elevatorja.jpg 1229w\" sizes=\"(max-width: 819px) 100vw, 819px\" \/>\t\t\t\t\t\t\t\t\t\t\t\t\t\t\t<\/div>\n\t\t\t\t<\/div>\n\t\t\t\t<div class=\"elementor-element elementor-element-4099ca6 elementor-widget elementor-widget-image\" data-id=\"4099ca6\" data-element_type=\"widget\" data-e-type=\"widget\" data-widget_type=\"image.default\">\n\t\t\t\t<div class=\"elementor-widget-container\">\n\t\t\t\t\t\t\t\t\t\t\t\t\t\t\t<img loading=\"lazy\" decoding=\"async\" width=\"819\" height=\"1024\" src=\"https:\/\/www.strojansek.com\/wp-content\/uploads\/2025\/06\/086-VENTILI-07-2006-819x1024.jpg\" class=\"attachment-large size-large wp-image-1549\" alt=\"TROPOTNI VENTIL | BITUMEN VENTIL\" srcset=\"https:\/\/www.strojansek.com\/wp-content\/uploads\/2025\/06\/086-VENTILI-07-2006-819x1024.jpg 819w, https:\/\/www.strojansek.com\/wp-content\/uploads\/2025\/06\/086-VENTILI-07-2006-240x300.jpg 240w, https:\/\/www.strojansek.com\/wp-content\/uploads\/2025\/06\/086-VENTILI-07-2006-768x960.jpg 768w, https:\/\/www.strojansek.com\/wp-content\/uploads\/2025\/06\/086-VENTILI-07-2006.jpg 1229w\" sizes=\"(max-width: 819px) 100vw, 819px\" \/>\t\t\t\t\t\t\t\t\t\t\t\t\t\t\t<\/div>\n\t\t\t\t<\/div>\n\t\t\t\t<div class=\"elementor-element elementor-element-1918b98 elementor-widget elementor-widget-image\" data-id=\"1918b98\" data-element_type=\"widget\" data-e-type=\"widget\" data-widget_type=\"image.default\">\n\t\t\t\t<div class=\"elementor-widget-container\">\n\t\t\t\t\t\t\t\t\t\t\t\t\t\t\t<img loading=\"lazy\" decoding=\"async\" width=\"819\" height=\"1024\" src=\"https:\/\/www.strojansek.com\/wp-content\/uploads\/2025\/06\/ROKE-MESALCA-819x1024.jpg\" class=\"attachment-large size-large wp-image-1550\" alt=\"ME\u0160ALEC ASFALTA | REZERVNI DELI | ASPHALT MIXER PARTS\" srcset=\"https:\/\/www.strojansek.com\/wp-content\/uploads\/2025\/06\/ROKE-MESALCA-819x1024.jpg 819w, https:\/\/www.strojansek.com\/wp-content\/uploads\/2025\/06\/ROKE-MESALCA-240x300.jpg 240w, https:\/\/www.strojansek.com\/wp-content\/uploads\/2025\/06\/ROKE-MESALCA-768x960.jpg 768w, https:\/\/www.strojansek.com\/wp-content\/uploads\/2025\/06\/ROKE-MESALCA-1229x1536.jpg 1229w, https:\/\/www.strojansek.com\/wp-content\/uploads\/2025\/06\/ROKE-MESALCA-1639x2048.jpg 1639w, https:\/\/www.strojansek.com\/wp-content\/uploads\/2025\/06\/ROKE-MESALCA-scaled.jpg 2048w\" sizes=\"(max-width: 819px) 100vw, 819px\" \/>\t\t\t\t\t\t\t\t\t\t\t\t\t\t\t<\/div>\n\t\t\t\t<\/div>\n\t\t\t\t\t<\/div>\n\t\t\t\t<\/div>\n\t\t<div class=\"elementor-element elementor-element-3c8e3b0 e-flex e-con-boxed e-con e-parent\" data-id=\"3c8e3b0\" data-element_type=\"container\" data-e-type=\"container\">\n\t\t\t\t\t<div class=\"e-con-inner\">\n\t\t\t\t\t<\/div>\n\t\t\t\t<\/div>\n\t\t<div class=\"elementor-element elementor-element-da3f9fd e-flex e-con-boxed e-con e-parent\" data-id=\"da3f9fd\" data-element_type=\"container\" data-e-type=\"container\">\n\t\t\t\t\t<div class=\"e-con-inner\">\n\t\t\t\t\t<\/div>\n\t\t\t\t<\/div>\n\t\t\t\t<\/div>\n\t\t","protected":false},"excerpt":{"rendered":"<p>Zagotavljamo rezervne dele za asfaltne baze vseh proizvajalcev, ne glede na znamko ali tip naprave. Na voljo so tako novi kot tudi strokovno obnovljeni nadomestni deli, skrbno pregledani in pripravljeni za takoj\u0161njo uporabo. V na\u0161i ponudbi najdete: Obrabne plo\u010devine in zapirala me\u0161alcev Elevatorske verige in ko\u0161arice za vro\u010di ter filer elevator Valje za transportne trakove [&hellip;]<\/p>\n","protected":false},"author":2,"featured_media":0,"parent":0,"menu_order":0,"comment_status":"closed","ping_status":"closed","template":"","meta":{"om_disable_all_campaigns":false,"_monsterinsights_skip_tracking":false,"_monsterinsights_sitenote_active":false,"_monsterinsights_sitenote_note":"","_monsterinsights_sitenote_category":0,"site-sidebar-layout":"default","site-content-layout":"","ast-site-content-layout":"default","site-content-style":"default","site-sidebar-style":"default","ast-global-header-display":"","ast-banner-title-visibility":"","ast-main-header-display":"","ast-hfb-above-header-display":"","ast-hfb-below-header-display":"","ast-hfb-mobile-header-display":"","site-post-title":"","ast-breadcrumbs-content":"","ast-featured-img":"","footer-sml-layout":"","ast-disable-related-posts":"","theme-transparent-header-meta":"","adv-header-id-meta":"","stick-header-meta":"","header-above-stick-meta":"","header-main-stick-meta":"","header-below-stick-meta":"","astra-migrate-meta-layouts":"set","ast-page-background-enabled":"default","ast-page-background-meta":{"desktop":{"background-color":"","background-image":"","background-repeat":"repeat","background-position":"center center","background-size":"auto","background-attachment":"scroll","background-type":"","background-media":"","overlay-type":"","overlay-color":"","overlay-opacity":"","overlay-gradient":""},"tablet":{"background-color":"","background-image":"","background-repeat":"repeat","background-position":"center center","background-size":"auto","background-attachment":"scroll","background-type":"","background-media":"","overlay-type":"","overlay-color":"","overlay-opacity":"","overlay-gradient":""},"mobile":{"background-color":"","background-image":"","background-repeat":"repeat","background-position":"center center","background-size":"auto","background-attachment":"scroll","background-type":"","background-media":"","overlay-type":"","overlay-color":"","overlay-opacity":"","overlay-gradient":""}},"ast-content-background-meta":{"desktop":{"background-color":"var(--ast-global-color-5)","background-image":"","background-repeat":"repeat","background-position":"center center","background-size":"auto","background-attachment":"scroll","background-type":"","background-media":"","overlay-type":"","overlay-color":"","overlay-opacity":"","overlay-gradient":""},"tablet":{"background-color":"var(--ast-global-color-5)","background-image":"","background-repeat":"repeat","background-position":"center center","background-size":"auto","background-attachment":"scroll","background-type":"","background-media":"","overlay-type":"","overlay-color":"","overlay-opacity":"","overlay-gradient":""},"mobile":{"background-color":"var(--ast-global-color-5)","background-image":"","background-repeat":"repeat","background-position":"center center","background-size":"auto","background-attachment":"scroll","background-type":"","background-media":"","overlay-type":"","overlay-color":"","overlay-opacity":"","overlay-gradient":""}},"footnotes":""},"class_list":["post-1388","page","type-page","status-publish","hentry"],"aioseo_notices":[],"_links":{"self":[{"href":"https:\/\/www.strojansek.com\/index.php\/wp-json\/wp\/v2\/pages\/1388","targetHints":{"allow":["GET"]}}],"collection":[{"href":"https:\/\/www.strojansek.com\/index.php\/wp-json\/wp\/v2\/pages"}],"about":[{"href":"https:\/\/www.strojansek.com\/index.php\/wp-json\/wp\/v2\/types\/page"}],"author":[{"embeddable":true,"href":"https:\/\/www.strojansek.com\/index.php\/wp-json\/wp\/v2\/users\/2"}],"replies":[{"embeddable":true,"href":"https:\/\/www.strojansek.com\/index.php\/wp-json\/wp\/v2\/comments?post=1388"}],"version-history":[{"count":8,"href":"https:\/\/www.strojansek.com\/index.php\/wp-json\/wp\/v2\/pages\/1388\/revisions"}],"predecessor-version":[{"id":1560,"href":"https:\/\/www.strojansek.com\/index.php\/wp-json\/wp\/v2\/pages\/1388\/revisions\/1560"}],"wp:attachment":[{"href":"https:\/\/www.strojansek.com\/index.php\/wp-json\/wp\/v2\/media?parent=1388"}],"curies":[{"name":"wp","href":"https:\/\/api.w.org\/{rel}","templated":true}]}}